{"id":9,"date":"2024-01-31T16:36:38","date_gmt":"2024-01-31T16:36:38","guid":{"rendered":"https:\/\/bloomfestbudapest.hu\/?page_id=9"},"modified":"2024-06-07T05:04:06","modified_gmt":"2024-06-07T05:04:06","slug":"programok","status":"publish","type":"page","link":"https:\/\/bloomfestbudapest.hu\/index.php\/programok\/","title":{"rendered":"programok"},"content":{"rendered":"<p>[et_pb_section fb_built=&#8221;1&#8243; _builder_version=&#8221;4.24.2&#8243; _module_preset=&#8221;default&#8221; custom_margin=&#8221;106px||||false|false&#8221; global_colors_info=&#8221;{}&#8221;][et_pb_row _builder_version=&#8221;4.16&#8243; _module_preset=&#8221;default&#8221; global_colors_info=&#8221;{}&#8221;][et_pb_column type=&#8221;4_4&#8243; _builder_version=&#8221;4.16&#8243; _module_preset=&#8221;default&#8221; global_colors_info=&#8221;{}&#8221;][et_pb_text _builder_version=&#8221;4.16&#8243; _module_preset=&#8221;default&#8221; text_line_height=&#8221;1.8em&#8221; global_colors_info=&#8221;{}&#8221;]<\/p>\n<h2>BLOOM fest Budapest<\/h2>\n<p>[\/et_pb_text][\/et_pb_column][\/et_pb_row][et_pb_row _builder_version=&#8221;4.16&#8243; _module_preset=&#8221;default&#8221; custom_margin=&#8221;-20px|auto||auto||&#8221; global_colors_info=&#8221;{}&#8221;][et_pb_column type=&#8221;4_4&#8243; _builder_version=&#8221;4.16&#8243; _module_preset=&#8221;default&#8221; global_colors_info=&#8221;{}&#8221;][et_pb_text _builder_version=&#8221;4.24.2&#8243; _module_preset=&#8221;default&#8221; hover_enabled=&#8221;0&#8243; global_colors_info=&#8221;{}&#8221; sticky_enabled=&#8221;0&#8243;]<\/p>\n<p><strong>TILLANDSIA KI\u00c1LL\u00cdT\u00c1S<\/strong><\/p>\n<p>R\u00f3zs\u00e1k k\u00f6z\u00f6tt a trendi \u201eleveg\u0151 n\u00f6v\u00e9ny\u201d<\/p>\n<p>Egzoticplant, Marczika Kert\u00e9szet<\/p>\n<p>&nbsp;<\/p>\n<p><strong>PARADICSOM PROJEKT <\/strong>\/ WORKSHOP<\/p>\n<p>term\u00e9szetk\u00f6zelben gyerekeknek, feln\u0151ttekkel egy\u00fctt<\/p>\n<p><strong><\/strong><\/p>\n<p><strong>BARANGOL\u00c1S A KERTBEN<\/strong><\/p>\n<p>Fedezd fel a Roz\u00e1riumot \u00e9s nyerj vir\u00e1got!<\/p>\n<p>A j\u00e1t\u00e9khoz feladatlapot a bel\u00e9p\u0151jegy v\u00e1s\u00e1rl\u00e1sakor lehet k\u00e9rni.<\/p>\n<p>&nbsp;<\/p>\n<p><strong>R\u00d3ZAILLATOS REGGELI J\u00d3GA<\/strong><\/p>\n<p>Baglyos Annam\u00e1ria, Oshadhi<\/p>\n<p>j\u00fanius 8., 10:00<\/p>\n<p>j\u00fanius 9., 10:00<\/p>\n<p>&nbsp;<\/p>\n<p><strong>R\u00d3ZSAOLAJOS MEDIT\u00c1CI\u00d3<\/strong><\/p>\n<p>Baglyos Annam\u00e1ria, Oshadhi<\/p>\n<p>j\u00fanius 8., 13:00<\/p>\n<p>j\u00fanius 9., 13:00<\/p>\n<p>&nbsp;<\/p>\n<p><strong>\u00c9RZ\u00c9KSZERVEK PR\u00d3B\u00c1JA<\/strong><\/p>\n<p>vagyis van-e k\u00fcl\u00f6nbs\u00e9g az illatok \u00e9s \u00edzek \u00e9rz\u00e9skel\u00e9se k\u00f6z\u00f6tt?<\/p>\n<p>Zatyk\u00f3 Zolt\u00e1n, Etnofl\u00f3ra<\/p>\n<p>j\u00fanius 8., 14:00<\/p>\n<p>j\u00fanius 9., 14:00<\/p>\n<p>&nbsp;<\/p>\n<p><strong>BLOOM ambient music by DELY<\/strong> \/ MEDITERR\u00c1N TERASZ<\/p>\n<p>j\u00fanius 8., 14:00 &#8211; 16:00<\/p>\n<p>j\u00fanius 9., 14:00 \u2013 16:00<\/p>\n<p>&nbsp;<\/p>\n<p><strong><a href=\"https:\/\/www.facebook.com\/events\/1139884707017259\">R\u00d3ZSAKERTI S\u00c9TA<\/a><\/strong><\/p>\n<p>dr. Boronkay G\u00e1borral<\/p>\n<p>j\u00fanius 8., 11:00 \u00e9s 15:00<\/p>\n<p>j\u00fanius 9., 11:00 \u00e9s 15:00<\/p>\n<p>&nbsp;<\/p>\n<p><strong>LEGY\u00c9L TE IS JANE!<\/strong> \/ S\u00c9TASZ\u00cdNH\u00c1Z<\/p>\n<p>Jane Goodall Int\u00e9zet (r\u00e9szv\u00e9tel adom\u00e1nnyal)<\/p>\n<p>j\u00fanius 9., 10:00<\/p>\n<p>&nbsp;<\/p>\n<p><b>INSPIR\u00c1CI\u00d3S T\u00d6RT\u00c9NETEK<\/b><\/p>\n<p>a Jane Goodall r\u00f3zsa mellett<\/p>\n<p>j\u00fanius 9., 11:30 \u00e9s 13:30<\/p>\n<p>&nbsp;<\/p>\n<div><strong><\/strong><\/div>\n<div><\/div>\n<p><strong>BLOOM PIKNIK<\/strong><\/p>\n<p>\u00c9telek, italok piknik hangulatban a D\u00f6rgics\u00e9l\u0151 Bor\u00e1szat, a Stel\u00e1zsi \u00e9s a Zerge Coffeshop k\u00edn\u00e1lat\u00e1val.<\/p>\n<p>Pl\u00e9den, f\u0171ben hever\u00e9szve piknikezni \u00e9r!<\/p>\n<p>&nbsp;<\/p>\n<p><a href=\"https:\/\/www.facebook.com\/events\/1139884707017259\"><strong>R\u00d3ZSAVIL\u00c1G \/ R\u00d3ZSASZE\u00c1NSZ<\/strong><\/a><\/p>\n<p>r\u00f3zs\u00e1s-gy\u00f3gyn\u00f6v\u00e9nyes peeling p\u00e1rnak\u00e9sz\u00edt\u0151 workshoppal<\/p>\n<p>K\u00e1li Betty, R\u00f3zsavil\u00e1g<\/p>\n<p>j\u00fanius 8. 12:00 \u00e9s 16:00<\/p>\n<p>j\u00fanius 9. 12:00 \u00e9s 16:00<\/p>\n<p>&nbsp;<\/p>\n<p><strong>EL\u0150AD\u00c1SOK <\/strong><\/p>\n<p>dr. Orl\u00f3ci L\u00e1szl\u00f3: Alanyok szerepe \u00e9s kutat\u00e1sa a r\u00f3zsatermeszt\u00e9sben<\/p>\n<p>j\u00fanius 8., 9., 12:00<\/p>\n<p>dr. Kissvarga Szilvia: <span>A n\u00f6v\u00e9nynemes\u00edt\u00e9s kih\u00edv\u00e1sai a kl\u00edmav\u00e1ltoz\u00e1s \u00e9s az urbaniz\u00e1ci\u00f3 t\u00fckr\u00e9ben<\/span><\/p>\n<p>j\u00fanius 8., 9., 16:00<\/p>\n<p><span>Horot\u00e1n Katalin: V\u00edz-fog\u00f3: Fenntarthat\u00f3 v\u00edzgazd\u00e1lkod\u00e1s a v\u00e1rosi kertekben<\/span><\/p>\n<p><span>j\u00fanius 8., 13:00<\/span><\/p>\n<p>&nbsp;<\/p>\n<p><strong>PROGRAMOKHOZ INFORM\u00c1CI\u00d3, TAL\u00c1LKOZ\u00d3 A PARADICSOM S\u00c1TORN\u00c1L!<\/strong><\/p>\n<p>[\/et_pb_text][\/et_pb_column][\/et_pb_row][\/et_pb_section]<\/p>\n","protected":false},"excerpt":{"rendered":"<p>BLOOM fest BudapestTILLANDSIA KI\u00c1LL\u00cdT\u00c1S R\u00f3zs\u00e1k k\u00f6z\u00f6tt a trendi \u201eleveg\u0151 n\u00f6v\u00e9ny\u201d Egzoticplant, Marczika Kert\u00e9szet &nbsp; PARADICSOM PROJEKT \/ WORKSHOP term\u00e9szetk\u00f6zelben gyerekeknek, feln\u0151ttekkel egy\u00fctt BARANGOL\u00c1S A KERTBEN Fedezd fel a Roz\u00e1riumot \u00e9s nyerj vir\u00e1got! A j\u00e1t\u00e9khoz feladatlapot a bel\u00e9p\u0151jegy v\u00e1s\u00e1rl\u00e1sakor lehet k\u00e9rni. &nbsp; R\u00d3ZAILLATOS REGGELI J\u00d3GA Baglyos Annam\u00e1ria, Oshadhi j\u00fanius 8., 10:00 j\u00fanius 9., 10:00 &nbsp; R\u00d3ZSAOLAJOS [&hellip;]<\/p>\n","protected":false},"author":1,"featured_media":0,"parent":0,"menu_order":0,"comment_status":"closed","ping_status":"closed","template":"","meta":{"_et_pb_use_builder":"on","_et_pb_old_content":"","_et_gb_content_width":"","footnotes":""},"class_list":["post-9","page","type-page","status-publish","hentry"],"_links":{"self":[{"href":"https:\/\/bloomfestbudapest.hu\/index.php\/wp-json\/wp\/v2\/pages\/9","targetHints":{"allow":["GET"]}}],"collection":[{"href":"https:\/\/bloomfestbudapest.hu\/index.php\/wp-json\/wp\/v2\/pages"}],"about":[{"href":"https:\/\/bloomfestbudapest.hu\/index.php\/wp-json\/wp\/v2\/types\/page"}],"author":[{"embeddable":true,"href":"https:\/\/bloomfestbudapest.hu\/index.php\/wp-json\/wp\/v2\/users\/1"}],"replies":[{"embeddable":true,"href":"https:\/\/bloomfestbudapest.hu\/index.php\/wp-json\/wp\/v2\/comments?post=9"}],"version-history":[{"count":12,"href":"https:\/\/bloomfestbudapest.hu\/index.php\/wp-json\/wp\/v2\/pages\/9\/revisions"}],"predecessor-version":[{"id":329,"href":"https:\/\/bloomfestbudapest.hu\/index.php\/wp-json\/wp\/v2\/pages\/9\/revisions\/329"}],"wp:attachment":[{"href":"https:\/\/bloomfestbudapest.hu\/index.php\/wp-json\/wp\/v2\/media?parent=9"}],"curies":[{"name":"wp","href":"https:\/\/api.w.org\/{rel}","templated":true}]}}